{"id":454,"date":"2016-12-23T12:42:38","date_gmt":"2016-12-23T12:42:38","guid":{"rendered":"http:\/\/ld-wp2.template-help.com\/wptheme\/apollo\/?page_id=454"},"modified":"2021-05-26T11:36:41","modified_gmt":"2021-05-26T10:36:41","slug":"tabs","status":"publish","type":"page","link":"http:\/\/verdasun.com\/?page_id=454","title":{"rendered":"Nos solutions"},"content":{"rendered":"<p>AVEC LES POMPES D\u2019EAU SOLAIRES VERDASUN Nos pompes solaires fournissent de l\u2019eau en utilisant l\u2019\u00e9nergie solaire de fa\u00e7on intelligente avec des rendements tr\u00e8s \u00e9lev\u00e9s. Vous pouvez pomper l\u2019eau sans \u00e9lectricit\u00e9 ou carburant pour satisfaire vos besoins. EFFICACES Concevoir <a href=\"http:\/\/verdasun.com\/?page_id=454\" title=\"Read more on Nos solutions\" class=\"more-link\">read more<\/a><\/p>\n","protected":false},"excerpt":{"rendered":"<p>AVEC LES POMPES D\u2019EAU SOLAIRES VERDASUN Nos pompes solaires fournissent de l\u2019eau en utilisant l\u2019\u00e9nergie solaire de fa\u00e7on intelligente avec des rendements tr\u00e8s \u00e9lev\u00e9s. Vous pouvez pomper l\u2019eau sans \u00e9lectricit\u00e9 ou carburant pour satisfaire vos besoins. EFFICACES Concevoir read more<\/p>\n","protected":false},"author":1,"featured_media":0,"parent":0,"menu_order":0,"comment_status":"closed","ping_status":"closed","template":"","meta":{"_bbp_topic_count":0,"_bbp_reply_count":0,"_bbp_total_topic_count":0,"_bbp_total_reply_count":0,"_bbp_voice_count":0,"_bbp_anonymous_reply_count":0,"_bbp_topic_count_hidden":0,"_bbp_reply_count_hidden":0,"_bbp_forum_subforum_count":0},"yoast_head":"<!-- This site is optimized with the Yoast SEO plugin v15.6.2 - https:\/\/yoast.com\/wordpress\/plugins\/seo\/ -->\n<title>Nos solutions - Verdasun<\/title>\n<meta name=\"robots\" content=\"index, follow, max-snippet:-1, max-image-preview:large, max-video-preview:-1\" \/>\n<link rel=\"canonical\" href=\"http:\/\/verdasun.com\/?page_id=454\" \/>\n<meta property=\"og:locale\" content=\"fr_FR\" \/>\n<meta property=\"og:type\" content=\"article\" \/>\n<meta property=\"og:title\" content=\"Nos solutions - Verdasun\" \/>\n<meta property=\"og:description\" content=\"AVEC LES POMPES D\u2019EAU SOLAIRES VERDASUN Nos pompes solaires fournissent de l\u2019eau en utilisant l\u2019\u00e9nergie solaire de fa\u00e7on intelligente avec des rendements tr\u00e8s \u00e9lev\u00e9s. Vous pouvez pomper l\u2019eau sans \u00e9lectricit\u00e9 ou carburant pour satisfaire vos besoins. EFFICACES Concevoir read more\" \/>\n<meta property=\"og:url\" content=\"http:\/\/verdasun.com\/?page_id=454\" \/>\n<meta property=\"og:site_name\" content=\"Verdasun\" \/>\n<meta property=\"article:modified_time\" content=\"2021-05-26T10:36:41+00:00\" \/>\n<meta property=\"og:image\" content=\"http:\/\/verdasun.com\/wp-content\/uploads\/2021\/05\/Pompage-solaire.jpg\" \/>\n<meta name=\"twitter:card\" content=\"summary_large_image\" \/>\n<meta name=\"twitter:label1\" content=\"Dur\u00e9e de lecture est.\">\n\t<meta name=\"twitter:data1\" content=\"5 minutes\">\n<script type=\"application\/ld+json\" class=\"yoast-schema-graph\">{\"@context\":\"https:\/\/schema.org\",\"@graph\":[{\"@type\":\"WebSite\",\"@id\":\"http:\/\/verdasun.com\/#website\",\"url\":\"http:\/\/verdasun.com\/\",\"name\":\"Verdasun\",\"description\":\"Your Green Energy\",\"potentialAction\":[{\"@type\":\"SearchAction\",\"target\":\"http:\/\/verdasun.com\/?s={search_term_string}\",\"query-input\":\"required name=search_term_string\"}],\"inLanguage\":\"fr-FR\"},{\"@type\":\"ImageObject\",\"@id\":\"http:\/\/verdasun.com\/?page_id=454#primaryimage\",\"inLanguage\":\"fr-FR\",\"url\":\"http:\/\/verdasun.com\/wp-content\/uploads\/2021\/05\/Pompage-solaire.jpg\",\"width\":746,\"height\":380},{\"@type\":\"WebPage\",\"@id\":\"http:\/\/verdasun.com\/?page_id=454#webpage\",\"url\":\"http:\/\/verdasun.com\/?page_id=454\",\"name\":\"Nos solutions - Verdasun\",\"isPartOf\":{\"@id\":\"http:\/\/verdasun.com\/#website\"},\"primaryImageOfPage\":{\"@id\":\"http:\/\/verdasun.com\/?page_id=454#primaryimage\"},\"datePublished\":\"2016-12-23T12:42:38+00:00\",\"dateModified\":\"2021-05-26T10:36:41+00:00\",\"inLanguage\":\"fr-FR\",\"potentialAction\":[{\"@type\":\"ReadAction\",\"target\":[\"http:\/\/verdasun.com\/?page_id=454\"]}]}]}<\/script>\n<!-- \/ Yoast SEO plugin. -->","_links":{"self":[{"href":"http:\/\/verdasun.com\/index.php?rest_route=\/wp\/v2\/pages\/454"}],"collection":[{"href":"http:\/\/verdasun.com\/index.php?rest_route=\/wp\/v2\/pages"}],"about":[{"href":"http:\/\/verdasun.com\/index.php?rest_route=\/wp\/v2\/types\/page"}],"author":[{"embeddable":true,"href":"http:\/\/verdasun.com\/index.php?rest_route=\/wp\/v2\/users\/1"}],"replies":[{"embeddable":true,"href":"http:\/\/verdasun.com\/index.php?rest_route=%2Fwp%2Fv2%2Fcomments&post=454"}],"version-history":[{"count":27,"href":"http:\/\/verdasun.com\/index.php?rest_route=\/wp\/v2\/pages\/454\/revisions"}],"predecessor-version":[{"id":2158,"href":"http:\/\/verdasun.com\/index.php?rest_route=\/wp\/v2\/pages\/454\/revisions\/2158"}],"wp:attachment":[{"href":"http:\/\/verdasun.com\/index.php?rest_route=%2Fwp%2Fv2%2Fmedia&parent=454"}],"curies":[{"name":"wp","href":"https:\/\/api.w.org\/{rel}","templated":true}]}}