{"id":437,"date":"2016-12-07T07:55:38","date_gmt":"2016-12-07T07:55:38","guid":{"rendered":"http:\/\/ld-wp2.template-help.com\/wptheme\/apollo\/?page_id=437"},"modified":"2021-04-10T15:56:29","modified_gmt":"2021-04-10T14:56:29","slug":"accordion","status":"publish","type":"page","link":"http:\/\/verdasun.com\/?page_id=437","title":{"rendered":"SERVICE APR\u00c8S VENTE"},"content":{"rendered":"<p>Parce qu\u2019un produit est fait pour durer, votre entreprise VERDASUN vous accueille dans son espace SAV pour tous les travaux d\u2019entretien et de r\u00e9paration de nos produits. Que votre produit soit sous garantie ou non, qu\u2019il ait \u00e9t\u00e9 achet\u00e9 chez VERDASUN ou dans une autre en <a href=\"http:\/\/verdasun.com\/?page_id=437\" title=\"Read more on SERVICE APR\u00c8S VENTE\" class=\"more-link\">read more<\/a><\/p>\n","protected":false},"excerpt":{"rendered":"<p>Parce qu\u2019un produit est fait pour durer, votre entreprise VERDASUN vous accueille dans son espace SAV pour tous les travaux d\u2019entretien et de r\u00e9paration de nos produits. Que votre produit soit sous garantie ou non, qu\u2019il ait \u00e9t\u00e9 achet\u00e9 chez VERDASUN ou dans une autre en read more<\/p>\n","protected":false},"author":1,"featured_media":0,"parent":0,"menu_order":0,"comment_status":"closed","ping_status":"closed","template":"","meta":{"_bbp_topic_count":0,"_bbp_reply_count":0,"_bbp_total_topic_count":0,"_bbp_total_reply_count":0,"_bbp_voice_count":0,"_bbp_anonymous_reply_count":0,"_bbp_topic_count_hidden":0,"_bbp_reply_count_hidden":0,"_bbp_forum_subforum_count":0},"yoast_head":"<!-- This site is optimized with the Yoast SEO plugin v15.6.2 - https:\/\/yoast.com\/wordpress\/plugins\/seo\/ -->\n<title>SERVICE APR\u00c8S VENTE - Verdasun<\/title>\n<meta name=\"robots\" content=\"index, follow, max-snippet:-1, max-image-preview:large, max-video-preview:-1\" \/>\n<link rel=\"canonical\" href=\"https:\/\/verdasun.com\/?page_id=437\" \/>\n<meta property=\"og:locale\" content=\"fr_FR\" \/>\n<meta property=\"og:type\" content=\"article\" \/>\n<meta property=\"og:title\" content=\"SERVICE APR\u00c8S VENTE - Verdasun\" \/>\n<meta property=\"og:description\" content=\"Parce qu\u2019un produit est fait pour durer, votre entreprise VERDASUN vous accueille dans son espace SAV pour tous les travaux d\u2019entretien et de r\u00e9paration de nos produits. Que votre produit soit sous garantie ou non, qu\u2019il ait \u00e9t\u00e9 achet\u00e9 chez VERDASUN ou dans une autre en read more\" \/>\n<meta property=\"og:url\" content=\"https:\/\/verdasun.com\/?page_id=437\" \/>\n<meta property=\"og:site_name\" content=\"Verdasun\" \/>\n<meta property=\"article:modified_time\" content=\"2021-04-10T14:56:29+00:00\" \/>\n<meta property=\"og:image\" content=\"http:\/\/verdasun.com\/wp-content\/uploads\/2021\/04\/sav-580x240-1.png\" \/>\n<meta name=\"twitter:card\" content=\"summary_large_image\" \/>\n<meta name=\"twitter:label1\" content=\"Dur\u00e9e de lecture est.\">\n\t<meta name=\"twitter:data1\" content=\"2 minutes\">\n<script type=\"application\/ld+json\" class=\"yoast-schema-graph\">{\"@context\":\"https:\/\/schema.org\",\"@graph\":[{\"@type\":\"WebSite\",\"@id\":\"http:\/\/verdasun.com\/#website\",\"url\":\"http:\/\/verdasun.com\/\",\"name\":\"Verdasun\",\"description\":\"Your Green Energy\",\"potentialAction\":[{\"@type\":\"SearchAction\",\"target\":\"http:\/\/verdasun.com\/?s={search_term_string}\",\"query-input\":\"required name=search_term_string\"}],\"inLanguage\":\"fr-FR\"},{\"@type\":\"ImageObject\",\"@id\":\"https:\/\/verdasun.com\/?page_id=437#primaryimage\",\"inLanguage\":\"fr-FR\",\"url\":\"http:\/\/verdasun.com\/wp-content\/uploads\/2021\/04\/sav-580x240-1.png\",\"width\":580,\"height\":240,\"caption\":\"sav-verdasun solaire\"},{\"@type\":\"WebPage\",\"@id\":\"https:\/\/verdasun.com\/?page_id=437#webpage\",\"url\":\"https:\/\/verdasun.com\/?page_id=437\",\"name\":\"SERVICE APR\\u00c8S VENTE - Verdasun\",\"isPartOf\":{\"@id\":\"http:\/\/verdasun.com\/#website\"},\"primaryImageOfPage\":{\"@id\":\"https:\/\/verdasun.com\/?page_id=437#primaryimage\"},\"datePublished\":\"2016-12-07T07:55:38+00:00\",\"dateModified\":\"2021-04-10T14:56:29+00:00\",\"inLanguage\":\"fr-FR\",\"potentialAction\":[{\"@type\":\"ReadAction\",\"target\":[\"https:\/\/verdasun.com\/?page_id=437\"]}]}]}<\/script>\n<!-- \/ Yoast SEO plugin. -->","_links":{"self":[{"href":"http:\/\/verdasun.com\/index.php?rest_route=\/wp\/v2\/pages\/437"}],"collection":[{"href":"http:\/\/verdasun.com\/index.php?rest_route=\/wp\/v2\/pages"}],"about":[{"href":"http:\/\/verdasun.com\/index.php?rest_route=\/wp\/v2\/types\/page"}],"author":[{"embeddable":true,"href":"http:\/\/verdasun.com\/index.php?rest_route=\/wp\/v2\/users\/1"}],"replies":[{"embeddable":true,"href":"http:\/\/verdasun.com\/index.php?rest_route=%2Fwp%2Fv2%2Fcomments&post=437"}],"version-history":[{"count":27,"href":"http:\/\/verdasun.com\/index.php?rest_route=\/wp\/v2\/pages\/437\/revisions"}],"predecessor-version":[{"id":1979,"href":"http:\/\/verdasun.com\/index.php?rest_route=\/wp\/v2\/pages\/437\/revisions\/1979"}],"wp:attachment":[{"href":"http:\/\/verdasun.com\/index.php?rest_route=%2Fwp%2Fv2%2Fmedia&parent=437"}],"curies":[{"name":"wp","href":"https:\/\/api.w.org\/{rel}","templated":true}]}}