{"id":385,"date":"2016-11-10T15:49:42","date_gmt":"2016-11-10T15:49:42","guid":{"rendered":"http:\/\/ld-wp2.template-help.com\/wptheme\/apollo\/?page_id=385"},"modified":"2021-02-12T16:23:54","modified_gmt":"2021-02-12T15:23:54","slug":"acheter-maintenant","status":"publish","type":"page","link":"http:\/\/verdasun.com\/?page_id=385","title":{"rendered":"ACHETER MAINTENANT"},"content":{"rendered":"<p>Veuiller remplir ce formulaire seulement si vous \u00eates int\u00e9ress\u00e9 \u00e0 une installation photovolta\u00efque pour votre propre usage&nbsp;cliquez ici. Si vous souhaitez acheter nos produits pour la revente, veuillez remplir le formulaire \u201cDEVENIR PARTENAIRE\u201d. PARCE QU\u2019UN PRODUIT E <a href=\"http:\/\/verdasun.com\/?page_id=385\" title=\"Read more on ACHETER MAINTENANT\" class=\"more-link\">read more<\/a><\/p>\n","protected":false},"excerpt":{"rendered":"<p>Veuiller remplir ce formulaire seulement si vous \u00eates int\u00e9ress\u00e9 \u00e0 une installation photovolta\u00efque pour votre propre usage&nbsp;cliquez ici. Si vous souhaitez acheter nos produits pour la revente, veuillez remplir le formulaire \u201cDEVENIR PARTENAIRE\u201d. PARCE QU\u2019UN PRODUIT E read more<\/p>\n","protected":false},"author":1,"featured_media":0,"parent":0,"menu_order":0,"comment_status":"closed","ping_status":"closed","template":"","meta":{"_bbp_topic_count":0,"_bbp_reply_count":0,"_bbp_total_topic_count":0,"_bbp_total_reply_count":0,"_bbp_voice_count":0,"_bbp_anonymous_reply_count":0,"_bbp_topic_count_hidden":0,"_bbp_reply_count_hidden":0,"_bbp_forum_subforum_count":0},"yoast_head":"<!-- This site is optimized with the Yoast SEO plugin v15.6.2 - https:\/\/yoast.com\/wordpress\/plugins\/seo\/ -->\n<title>ACHETER MAINTENANT - Verdasun<\/title>\n<meta name=\"robots\" content=\"index, follow, max-snippet:-1, max-image-preview:large, max-video-preview:-1\" \/>\n<link rel=\"canonical\" href=\"http:\/\/verdasun.com\/?page_id=385\" \/>\n<meta property=\"og:locale\" content=\"fr_FR\" \/>\n<meta property=\"og:type\" content=\"article\" \/>\n<meta property=\"og:title\" content=\"ACHETER MAINTENANT - Verdasun\" \/>\n<meta property=\"og:description\" content=\"Veuiller remplir ce formulaire seulement si vous \u00eates int\u00e9ress\u00e9 \u00e0 une installation photovolta\u00efque pour votre propre usage&nbsp;cliquez ici. Si vous souhaitez acheter nos produits pour la revente, veuillez remplir le formulaire \u201cDEVENIR PARTENAIRE\u201d. PARCE QU\u2019UN PRODUIT E read more\" \/>\n<meta property=\"og:url\" content=\"http:\/\/verdasun.com\/?page_id=385\" \/>\n<meta property=\"og:site_name\" content=\"Verdasun\" \/>\n<meta property=\"article:modified_time\" content=\"2021-02-12T15:23:54+00:00\" \/>\n<meta name=\"twitter:card\" content=\"summary_large_image\" \/>\n<meta name=\"twitter:label1\" content=\"Dur\u00e9e de lecture est.\">\n\t<meta name=\"twitter:data1\" content=\"1 minute\">\n<script type=\"application\/ld+json\" class=\"yoast-schema-graph\">{\"@context\":\"https:\/\/schema.org\",\"@graph\":[{\"@type\":\"WebSite\",\"@id\":\"http:\/\/verdasun.com\/#website\",\"url\":\"http:\/\/verdasun.com\/\",\"name\":\"Verdasun\",\"description\":\"Your Green Energy\",\"potentialAction\":[{\"@type\":\"SearchAction\",\"target\":\"http:\/\/verdasun.com\/?s={search_term_string}\",\"query-input\":\"required name=search_term_string\"}],\"inLanguage\":\"fr-FR\"},{\"@type\":\"WebPage\",\"@id\":\"http:\/\/verdasun.com\/?page_id=385#webpage\",\"url\":\"http:\/\/verdasun.com\/?page_id=385\",\"name\":\"ACHETER MAINTENANT - Verdasun\",\"isPartOf\":{\"@id\":\"http:\/\/verdasun.com\/#website\"},\"datePublished\":\"2016-11-10T15:49:42+00:00\",\"dateModified\":\"2021-02-12T15:23:54+00:00\",\"inLanguage\":\"fr-FR\",\"potentialAction\":[{\"@type\":\"ReadAction\",\"target\":[\"http:\/\/verdasun.com\/?page_id=385\"]}]}]}<\/script>\n<!-- \/ Yoast SEO plugin. -->","_links":{"self":[{"href":"http:\/\/verdasun.com\/index.php?rest_route=\/wp\/v2\/pages\/385"}],"collection":[{"href":"http:\/\/verdasun.com\/index.php?rest_route=\/wp\/v2\/pages"}],"about":[{"href":"http:\/\/verdasun.com\/index.php?rest_route=\/wp\/v2\/types\/page"}],"author":[{"embeddable":true,"href":"http:\/\/verdasun.com\/index.php?rest_route=\/wp\/v2\/users\/1"}],"replies":[{"embeddable":true,"href":"http:\/\/verdasun.com\/index.php?rest_route=%2Fwp%2Fv2%2Fcomments&post=385"}],"version-history":[{"count":14,"href":"http:\/\/verdasun.com\/index.php?rest_route=\/wp\/v2\/pages\/385\/revisions"}],"predecessor-version":[{"id":1902,"href":"http:\/\/verdasun.com\/index.php?rest_route=\/wp\/v2\/pages\/385\/revisions\/1902"}],"wp:attachment":[{"href":"http:\/\/verdasun.com\/index.php?rest_route=%2Fwp%2Fv2%2Fmedia&parent=385"}],"curies":[{"name":"wp","href":"https:\/\/api.w.org\/{rel}","templated":true}]}}